{"id":1867,"date":"2021-01-27T18:23:22","date_gmt":"2021-01-27T18:23:22","guid":{"rendered":"http:\/\/templates.c21canada.moxiworks.net\/my-neighborhood-news-copy"},"modified":"2024-05-30T19:31:15","modified_gmt":"2024-05-30T19:31:15","slug":"my-neighborhood-news-copy","status":"publish","type":"page","link":"https:\/\/templates.c21canada.moxiworks.net\/fr-ca\/my-neighborhood-news-copy","title":{"rendered":"NOUVELLES DU QUARTIER"},"content":{"rendered":"\r\n<h1>Nouvelles du quartier<\/h1>\r\n<p>La meilleure fa\u00e7on de rester connect\u00e9 \u00e0 ce qui se passe sur le march\u00e9 immobilier de votre r\u00e9gion.<\/p>\r\n<h1>Nouvelles du quartier<\/h1>\r\n<p>La meilleure fa\u00e7on de rester connect\u00e9 \u00e0 ce qui se passe sur le march\u00e9 immobilier de votre r\u00e9gion.<\/p>\r\n<h2>VOIR LES MAISONS \u00c0 VENDRE ET R\u00c9CEMMENT VENDUES.<\/h2>\r\n<p><img decoding=\"async\" src=\"\/\/century21.agent.hub21.ca\/files\/2021\/01\/NN_01.png\" alt=\"\" \/><\/p>\r\n<h2>D\u00c9COUVREZ SI LES VENTES DE MAISON DANS VOTRE QUARTIER SONT \u00c0 LA HAUSSE OU \u00c0 LA BAISSE.<\/h2>\r\n<p><img decoding=\"async\" src=\"\/\/century21.agent.hub21.ca\/files\/2021\/01\/NN_02-1.png\" alt=\"\" \/><\/p>\r\n<h2>VOYEZ \u00c0 QUEL PRIX SE VENDENT ACTUELLEMENT LES PROPRI\u00c9T\u00c9S DANS VOTRE QUARTIER.<\/h2>\r\n<p><img decoding=\"async\" title=\"NN_03\" src=\"\/\/templates.c21canada.moxiworks.net\/files\/2021\/01\/NN_03.png\" alt=\"Century 21 homes price in your neighborhood image\" \/><\/p>\r\n","protected":false},"excerpt":{"rendered":"<p>Nouvelles du quartier La meilleure fa\u00e7on de rester connect\u00e9 \u00e0 ce qui se passe sur le march\u00e9 immobilier de votre r\u00e9gion. Nouvelles du quartier La meilleure fa\u00e7on de rester connect\u00e9 \u00e0 ce qui se passe sur le march\u00e9 immobilier de votre r\u00e9gion. VOIR LES MAISONS \u00c0 VENDRE ET R\u00c9CEMMENT VENDUES. D\u00c9COUVREZ SI LES VENTES DE [&hellip;]<\/p>\n","protected":false},"author":14684,"featured_media":1869,"parent":0,"menu_order":0,"comment_status":"closed","ping_status":"closed","template":"","meta":{"footnotes":""},"class_list":["post-1867","page","type-page","status-publish","has-post-thumbnail","hentry"],"_links":{"self":[{"href":"https:\/\/templates.c21canada.moxiworks.net\/fr-ca\/wp-json\/wp\/v2\/pages\/1867","targetHints":{"allow":["GET"]}}],"collection":[{"href":"https:\/\/templates.c21canada.moxiworks.net\/fr-ca\/wp-json\/wp\/v2\/pages"}],"about":[{"href":"https:\/\/templates.c21canada.moxiworks.net\/fr-ca\/wp-json\/wp\/v2\/types\/page"}],"author":[{"embeddable":true,"href":"https:\/\/templates.c21canada.moxiworks.net\/fr-ca\/wp-json\/wp\/v2\/users\/14684"}],"replies":[{"embeddable":true,"href":"https:\/\/templates.c21canada.moxiworks.net\/fr-ca\/wp-json\/wp\/v2\/comments?post=1867"}],"version-history":[{"count":7,"href":"https:\/\/templates.c21canada.moxiworks.net\/fr-ca\/wp-json\/wp\/v2\/pages\/1867\/revisions"}],"predecessor-version":[{"id":2025,"href":"https:\/\/templates.c21canada.moxiworks.net\/fr-ca\/wp-json\/wp\/v2\/pages\/1867\/revisions\/2025"}],"wp:featuredmedia":[{"embeddable":true,"href":"https:\/\/templates.c21canada.moxiworks.net\/fr-ca\/wp-json\/wp\/v2\/media\/1869"}],"wp:attachment":[{"href":"https:\/\/templates.c21canada.moxiworks.net\/fr-ca\/wp-json\/wp\/v2\/media?parent=1867"}],"curies":[{"name":"wp","href":"https:\/\/api.w.org\/{rel}","templated":true}]}}