{"id":3378,"date":"2021-04-06T19:51:48","date_gmt":"2021-04-06T23:51:48","guid":{"rendered":"https:\/\/templates.c21canada.moxiworks.net\/working_team-selling"},"modified":"2024-05-30T19:43:02","modified_gmt":"2024-05-30T19:43:02","slug":"team-selling","status":"publish","type":"page","link":"https:\/\/templates.c21canada.moxiworks.net\/fr-ca\/team-selling","title":{"rendered":"Team Selling"},"content":{"rendered":"\r\n<h1>PROFITEZ DE NOTRE SERVICE EN OR<\/h1>\r\n<p>La vente de votre propri\u00e9t\u00e9 peut \u00eatre une exp\u00e9rience accablante si votre courtier immobilier ne fait pas le poids.<\/p>\r\n<p><img decoding=\"async\" title=\"AdviceSelling\" src=\"https:\/\/templates.c21canada.moxiworks.net\/files\/2021\/05\/AdviceSelling.jpeg\" alt=\"AdviceSelling\" width=\"745\" height=\"606\" \/><\/p>\r\n<h2>L\u00c0 POUR VOUS \u00c0 CHAQUE \u00c9TAPE<\/h2>\r\n<p>Nous vous expliquerons les facteurs du march\u00e9 qui pourraient influer sur le prix, la pr\u00e9paration et la promotion de votre propri\u00e9t\u00e9, afin que vous puissiez prendre une d\u00e9cision \u00e9clair\u00e9e en fonction de vos besoins. Nous vous pr\u00e9senterons un plan de marketing personnalis\u00e9 et utiliserons des outils technologiques de pointe pour exposer votre propri\u00e9t\u00e9 \u00e0 un maximum d&#8217;acheteurs potentiels \u00e0 l&#8217;\u00e9chelle locale et internationale afin que vous obteniez le meilleur prix pour votre bien immobilier. Nous nous appuierons sur la notori\u00e9t\u00e9 mondiale de CENTURY 21, l&#8217;une des marques immobili\u00e8res les plus renomm\u00e9es, et notre expertise locale pour assurer la r\u00e9ussite de votre transaction immobili\u00e8re.<\/p>\r\n<h2>L&#8217;AVANTAGE CENTURY 21<\/h2>\r\n<h4>Visibilit\u00e9 mondiale<\/h4>\r\n<p>Votre propri\u00e9t\u00e9 b\u00e9n\u00e9ficie d&#8217;une visibilit\u00e9 mondiale optimale, puisque votre inscription est publi\u00e9e dans votre r\u00e9gion et dans le monde entier. Chaque inscription CENTURY 21 est publi\u00e9e sur Century21Global.com, site Web accessible dans 36 pays et 18 langues, de m\u00eame que sur Zillow.com, la plateforme de vente immobili\u00e8re et de location la plus importante aux \u00c9tats-Unis.<\/p>\r\n<h4>Plan de marketing personnalis\u00e9<\/h4>\r\n<p>Nous collaborerons avec vous pour cr\u00e9er un plan de marketing qui vous permettra d&#8217;obtenir le meilleur prix pour votre bien immobilier. CENTURY 21MD vous aide \u00e0 promouvoir efficacement votre inscription et \u00e0 vous d\u00e9marquer de la concurrence.<\/p>\r\n<p><a role=\"button\" target=\"_self\" rel=\"noopener noreferrer\"> Contactez-nous <\/a> <img decoding=\"async\" title=\"GetAvice-2\" src=\"https:\/\/templates.c21canada.moxiworks.net\/files\/2021\/05\/GetAvice-2.jpeg\" alt=\"GetAvice-2\" width=\"695\" height=\"634\" \/><\/p>\r\n<h2>NOUVELLES DU QUARTIER<\/h2>\r\n<p><a role=\"button\" href=\"\/neighborhood-news\" target=\"_self\" rel=\"noopener noreferrer\"> COMMENCER <\/a> <img decoding=\"async\" title=\"french_neighborhood-news-iphone-mockup-cropped-1024x942-1\" src=\"https:\/\/www.c21.ca\/files\/2021\/04\/french_neighborhood-news-iphone-mockup-cropped-1024x942-1.png\" alt=\"french_neighborhood-news-iphone-mockup-cropped-1024x942-1\" width=\"1024\" height=\"942\" \/><\/p>\r\n<h2>PR\u00caT POUR LA PROCHAINE \u00c9TAPE?<\/h2>\r\n<p>Nous nous ferons un plaisir de vous aider \u00e0 r\u00e9aliser vos objectifs d&#8217;accession \u00e0 la propri\u00e9t\u00e9. Communiquez avec moi pour entamer vos d\u00e9marches d\u00e8s aujourd&#8217;hui. Ce que nous proposons\u00a0:<\/p>\r\n","protected":false},"excerpt":{"rendered":"<p>PROFITEZ DE NOTRE SERVICE EN OR La vente de votre propri\u00e9t\u00e9 peut \u00eatre une exp\u00e9rience accablante si votre courtier immobilier ne fait pas le poids. L\u00c0 POUR VOUS \u00c0 CHAQUE \u00c9TAPE Nous vous expliquerons les facteurs du march\u00e9 qui pourraient influer sur le prix, la pr\u00e9paration et la promotion de votre propri\u00e9t\u00e9, afin que vous [&hellip;]<\/p>\n","protected":false},"author":77,"featured_media":0,"parent":0,"menu_order":0,"comment_status":"closed","ping_status":"closed","template":"","meta":{"footnotes":""},"class_list":["post-3378","page","type-page","status-publish","hentry"],"_links":{"self":[{"href":"https:\/\/templates.c21canada.moxiworks.net\/fr-ca\/wp-json\/wp\/v2\/pages\/3378","targetHints":{"allow":["GET"]}}],"collection":[{"href":"https:\/\/templates.c21canada.moxiworks.net\/fr-ca\/wp-json\/wp\/v2\/pages"}],"about":[{"href":"https:\/\/templates.c21canada.moxiworks.net\/fr-ca\/wp-json\/wp\/v2\/types\/page"}],"author":[{"embeddable":true,"href":"https:\/\/templates.c21canada.moxiworks.net\/fr-ca\/wp-json\/wp\/v2\/users\/77"}],"replies":[{"embeddable":true,"href":"https:\/\/templates.c21canada.moxiworks.net\/fr-ca\/wp-json\/wp\/v2\/comments?post=3378"}],"version-history":[{"count":8,"href":"https:\/\/templates.c21canada.moxiworks.net\/fr-ca\/wp-json\/wp\/v2\/pages\/3378\/revisions"}],"predecessor-version":[{"id":3530,"href":"https:\/\/templates.c21canada.moxiworks.net\/fr-ca\/wp-json\/wp\/v2\/pages\/3378\/revisions\/3530"}],"wp:attachment":[{"href":"https:\/\/templates.c21canada.moxiworks.net\/fr-ca\/wp-json\/wp\/v2\/media?parent=3378"}],"curies":[{"name":"wp","href":"https:\/\/api.w.org\/{rel}","templated":true}]}}