{"id":3476,"date":"2021-05-21T20:44:26","date_gmt":"2021-05-21T20:44:26","guid":{"rendered":"https:\/\/templates.c21canada.moxiworks.net\/contact-us-copy-copy"},"modified":"2021-05-21T20:52:59","modified_gmt":"2021-05-21T20:52:59","slug":"team-contact-us","status":"publish","type":"page","link":"https:\/\/templates.c21canada.moxiworks.net\/fr-ca\/team-contact-us","title":{"rendered":"CONTACTEZ-NOUS"},"content":{"rendered":"\r\n<h1>CONTACTEZ-NOUS<\/h1>\r\n<h2>LA DIFF\u00c9RENCE C21<\/h2>\r\n<p>C&#8217;est en 1976 \u00e0 Richmond, en Colombie-Britannique, que nous avons fait notre entr\u00e9e dans le monde de l&#8217;immobilier en tant qu&#8217;une entreprise familiale au service d&#8217;un r\u00e9seau d&#8217;entreprises familiales. Depuis lors, CENTURY 21<sup>MD<\/sup>\u00a0est devenue l&#8217;une des premi\u00e8res soci\u00e9t\u00e9s immobili\u00e8res dans le monde. Nous sommes une organisation nationale avec une port\u00e9e mondiale. Fiers de notre tradition canadienne, nous comptons 400 agences et plus de 10 000 membres r\u00e9partis dans 263 villes \u00e0 l&#8217;\u00e9chelle du pays. Notre R\u00e9seau mondial, qui se compose de 146 000 membres et 13 000 agences dans 86 pays, forme l&#8217;une des plus importantes organisations immobili\u00e8res sur la plan\u00e8te.<\/p>\r\n<p>&nbsp;<\/p>\r\n<p><strong>Notre vision<\/strong>\u00a0: \u00catre la marque immobili\u00e8re la plus pris\u00e9e du monde.<\/p>\r\n<p><strong>Notre mission<\/strong>\u00a0: Viser l&#8217;or en offrant le meilleur service du secteur immobilier canadien.<\/p>\r\n<p>&nbsp;<\/p>\r\n<p>Nous n&#8217;\u00e9pargnons aucun effort pour transformer les r\u00eaves de nos clients en r\u00e9alit\u00e9. L&#8217;immobilier nous passionne &#8211; nous adorons notre travail! Les courtiers immobiliers de CENTURY 21<sup>MD<\/sup>\u00a0vous offrent un service de la plus haute qualit\u00e9, en alliant leurs connaissances exceptionnelles du march\u00e9 immobilier local \u00e0 la puissance de la marque CENTURY 21.<\/p>\r\n<p>Nous en faisons un peu plus \u00e0 chaque \u00e9tape du processus. C&#8217;est l&#8217;immobilier \u00e0 la fa\u00e7on C21. N&#8217;h\u00e9sitez pas \u00e0 communiquer avec nous si vous avez des questions au sujet du march\u00e9 immobilier ou de nos services. Au plaisir de travailler avec vous!<\/p>\r\n<h2>CONTACTEZ-NOUS<\/h2>\r\n","protected":false},"excerpt":{"rendered":"<p>CONTACTEZ-NOUS LA DIFF\u00c9RENCE C21 C&#8217;est en 1976 \u00e0 Richmond, en Colombie-Britannique, que nous avons fait notre entr\u00e9e dans le monde de l&#8217;immobilier en tant qu&#8217;une entreprise familiale au service d&#8217;un r\u00e9seau d&#8217;entreprises familiales. Depuis lors, CENTURY 21MD\u00a0est devenue l&#8217;une des premi\u00e8res soci\u00e9t\u00e9s immobili\u00e8res dans le monde. Nous sommes une organisation nationale avec une port\u00e9e mondiale. [&hellip;]<\/p>\n","protected":false},"author":14684,"featured_media":1820,"parent":0,"menu_order":0,"comment_status":"closed","ping_status":"closed","template":"","meta":{"footnotes":""},"class_list":["post-3476","page","type-page","status-publish","has-post-thumbnail","hentry"],"_links":{"self":[{"href":"https:\/\/templates.c21canada.moxiworks.net\/fr-ca\/wp-json\/wp\/v2\/pages\/3476","targetHints":{"allow":["GET"]}}],"collection":[{"href":"https:\/\/templates.c21canada.moxiworks.net\/fr-ca\/wp-json\/wp\/v2\/pages"}],"about":[{"href":"https:\/\/templates.c21canada.moxiworks.net\/fr-ca\/wp-json\/wp\/v2\/types\/page"}],"author":[{"embeddable":true,"href":"https:\/\/templates.c21canada.moxiworks.net\/fr-ca\/wp-json\/wp\/v2\/users\/14684"}],"replies":[{"embeddable":true,"href":"https:\/\/templates.c21canada.moxiworks.net\/fr-ca\/wp-json\/wp\/v2\/comments?post=3476"}],"version-history":[{"count":3,"href":"https:\/\/templates.c21canada.moxiworks.net\/fr-ca\/wp-json\/wp\/v2\/pages\/3476\/revisions"}],"predecessor-version":[{"id":3481,"href":"https:\/\/templates.c21canada.moxiworks.net\/fr-ca\/wp-json\/wp\/v2\/pages\/3476\/revisions\/3481"}],"wp:featuredmedia":[{"embeddable":true,"href":"https:\/\/templates.c21canada.moxiworks.net\/fr-ca\/wp-json\/wp\/v2\/media\/1820"}],"wp:attachment":[{"href":"https:\/\/templates.c21canada.moxiworks.net\/fr-ca\/wp-json\/wp\/v2\/media?parent=3476"}],"curies":[{"name":"wp","href":"https:\/\/api.w.org\/{rel}","templated":true}]}}